{"id":10,"date":"2014-09-07T19:24:28","date_gmt":"2014-09-07T17:24:28","guid":{"rendered":"https:\/\/www.sp-piotrkowice.pl\/?page_id=10"},"modified":"2019-10-30T21:21:37","modified_gmt":"2019-10-30T20:21:37","slug":"historia","status":"publish","type":"page","link":"https:\/\/www.sp-piotrkowice.pl\/?page_id=10","title":{"rendered":"Historia"},"content":{"rendered":"<p>S\u0105dzi\u0107 nale\u017cy, \u017ce oko\u0142o 1470 roku wraz z parafi\u0105 powsta\u0142a i szko\u0142a w Piotrkowicach. W 1596 roku&nbsp; kierownik szko\u0142y, Urban z Koszyczek, mia\u0142 lichy dom gro\u017c\u0105cy ruin\u0105. Uposa\u017cenie jego sk\u0142ada\u0142o si\u0119 z ogrodu, sadu, klerykatury po p\u00f3\u0142 grosza od wszystkich parafian i dziesi\u0119ciny z folwarku w \u0141owczowie, kt\u00f3rej jednak mu nie oddawano ani nie p\u0142acono, gdy\u017c zabiera\u0142a j\u0105 Trzecieska, \u017cona w\u0142a\u015bciciela z Piotrkowic, Jana Trzecieskiego.<\/p>\n<p>W zarz\u0105dzeniu powizytacyjnym wizytator poleci\u0142 naprawi\u0107 szko\u0142\u0119.<\/p>\n<p>W latach 1662-65 rektorem by\u0142 Wojciech Dalewicz, kt\u00f3rego utrzymywa\u0142 proboszcz. W rozporz\u0105dzeniach powizytacyjnych w 1669 roku wizytator nakaza\u0142 proboszczowi, aby zdolniejsza m\u0142odzie\u017c z parafii chodzi\u0142a do szko\u0142y i kszta\u0142ci\u0142a si\u0119 w naukach i \u015bpiewie. Do realizacji tego celu powinien utrzymywa\u0107 baka\u0142arza i p\u0142aci\u0107 mu przyzwoit\u0105 pensj\u0119.<\/p>\n<p>W 1770 roku istnia\u0142a nadal szko\u0142a i posiada\u0142a do\u015b\u0107 bogate wyposa\u017cenie. Nauk\u0119 prowadzono tylko w okresach zimowych, gdy\u017c latem dzieci musia\u0142y pracowa\u0107 na roli i pa\u015b\u0107 byd\u0142o.<\/p>\n<p>Liczba dzieci systematycznie wzrasta\u0142a:1860 r. \u2013&nbsp; 45 uczni\u00f3w, 1865 r. \u2013 62 uczni\u00f3w, 1870 r. \u2013 96 uczni\u00f3w.<\/p>\n<p>W 1857 roku przekszta\u0142cono szko\u0142\u0119 parafialn\u0105 na szko\u0142\u0119 ludow\u0105; czyli trywialn\u0105, chc\u0105c poza szerzeniem o\u015bwiaty \u017c\u0105da\u0107 pieni\u0119dzy na szko\u0142\u0119 od w\u0142adz zaborczych.<\/p>\n<p>Obecny budynek szkolny zosta\u0142 zbudowany na starym cmentarzysku w 1888 roku.<\/p>\n<p>Kronika szkolna informuje, \u017ce w okresie mi\u0119dzywojennym by\u0142a to Publiczna Szko\u0142a Powszechna z dwoma nauczycielami.<\/p>\n<p>Do roku 1928&nbsp; obowi\u0105zki kierownika pe\u0142ni\u0142 Zygmunt Woli\u0144ski a po nim jego c\u00f3rka El\u017cbieta. W1932 roku pe\u0142ni\u0105ca obowi\u0105zki kierownika El\u017cbieta Woli\u0144ska zosta\u0142a przeniesiona do Tarnowa.<\/p>\n<p>Obowi\u0105zki te przej\u0119\u0142a na rok Matylda Karcz.<\/p>\n<p>W 1933 roku funkcj\u0119 kierownika szko\u0142y pe\u0142ni\u0142 J\u00f3zef Szwachu\u0142a \u2013 nauczyciel z G\u00f3rnego \u015al\u0105ska. By\u0142 to cz\u0142owiek energiczny i porywczy. Przyczyni\u0142 si\u0119 do poprawy bazy szkolnej, ale zupe\u0142nie nie dba\u0142 o poziom nauki i cz\u0119sto opuszcza\u0142 zaj\u0119cia, co by\u0142o jednym z powod\u00f3w konflikt\u00f3w z ludno\u015bci\u0105 wsi, a zw\u0142aszcza z Janem Halagarda i Ludwikiem Tyrka.<\/p>\n<p>Spory te zaprowadzi\u0142y strony do s\u0105du. Wyrokiem s\u0105du, zosta\u0142 przeniesiony do innej plac\u00f3wki.<\/p>\n<p>W roku 1938 kierowniczk\u0105 zosta\u0142a Matylda Kalicka, jednak jak donosi kronika \u201enie zaskarbi\u0142a sobie w\u015br\u00f3d og\u00f3\u0142u ludno\u015bci nale\u017cnego szacunku\u201d i sama postara\u0142a si\u0119 o przeniesienie.<\/p>\n<p>W 1939 roku w\u0142adze niemieckie poleci\u0142y kierownictwo Matyldzie Karcz, kt\u00f3ra na sta\u0142e zajmowa\u0142a pok\u00f3j w szkole. Opr\u00f3cz niej w szkole pracowa\u0142y jeszcze 2 si\u0142y: J\u00f3zefa Sajdak i Deres\u00f3wna.<\/p>\n<p>Szko\u0142a w tym roku znalaz\u0142a si\u0119 w bardzo trudnej sytuacji; brak opa\u0142u, brak odzie\u017cy, a do tego ostra zima spowodowa\u0142y przerw\u0119 w nauce . Nauk\u0119 zawieszono od 19 lutego do 31 marca 1944 roku.<\/p>\n<p>1 wrze\u015bnia 1940 roku kierownikiem zosta\u0142 mianowany Adolf Kalici\u0144ski.<\/p>\n<p>Obowi\u0105zkiem szkolnym obj\u0119tych by\u0142o 241 dzieci. Do szko\u0142y zapisa\u0142o si\u0119 214 uczni\u00f3w. Dzieci uczy\u0142y si\u0119 z miesi\u0119cznika \u201eSter\u201d.<\/p>\n<p>Piotrkowice w tym czasie mia\u0142y bardzo trudne warunki komunikacyjne: fatalny stan dr\u00f3g \u2013 g\u0142\u0119bokie w\u0105wozy, nawet brak by\u0142o \u015bcie\u017cek. W zwi\u0105zku z tym dzieci z wielkim trudem musia\u0142y pokonywa\u0107 drog\u0119 do szko\u0142y. Ta sytuacja by\u0142a cz\u0119st\u0105 przyczyn\u0105 nieobecno\u015bci uczni\u00f3w.<\/p>\n<p>Z powodu dzia\u0142a\u0144 wojennych na tutejszym terenie nast\u0105pi\u0142a przerwa w nauce od 1. XI. 1944 r. do 31. I .1945 roku.<\/p>\n<p>Od 1. IX. 1945 r. na pro\u015bb\u0119 gromady \u0141owcz\u00f3w utworzono nowy rejon szkolny w \u0141owczowie. Wobec tego dzieci z \u0141owczowa&nbsp; i cz\u0119\u015bci Piotrkowic zosta\u0142y przydzielone do szko\u0142y w \u0141owczowie.<\/p>\n<p>W obwodzie szkolnym Piotrkowic pozosta\u0142o 162 uczni\u00f3w.<\/p>\n<p>W my\u015bl nowych rozporz\u0105dze\u0144 o\u015bwiatowych rozpocz\u0119to realizowa\u0107 7 \u2013 letni\u0105 szko\u0142\u0119 podstawow\u0105.<\/p>\n<p>W szkole pracowa\u0142o 4 nauczycieli.<\/p>\n<p>W styczniu 1949 roku uruchomiono kurs dla analfabet\u00f3w na kt\u00f3ry zapisa\u0142o si\u0119 35 s\u0142uchaczy .&nbsp; Otwarto punkt biblioteki gromadzkiej, kt\u00f3rego opiekunem by\u0142a Matylda \u0141a\u015b<\/p>\n<p>Z dniem 1 II 1949 roku dotychczasowy kierownik Adolf Kalici\u0144ski zosta\u0142 przeniesiony na emerytur\u0119. Obowi\u0105zki kierownika, na kr\u00f3tko powierzono Ludmile Kalici\u0144skiej , gdy\u017c ju\u017c 1. IX. 1949 roku kierowanie plac\u00f3wk\u0105 przej\u0105\u0142 nauczyciel z \u0141owczowa \u2013 Wojciech \u0141a\u015b.<\/p>\n<p>15 IX 1950 roku zosta\u0142a przyj\u0119ta do pracy nowa si\u0142a \u2013 Irena Tyrka \u2013d\u0142ugoletnia nauczycielka i mieszkanka Piotrkowic.<\/p>\n<p>15 X 1950 roku zosta\u0142a otwarta w naszej szkole &#8211; szko\u0142a dla pracuj\u0105cych realizuj\u0105ca program klasy VII . Do szko\u0142y zapisa\u0142o si\u0119 35 kandydat\u00f3w ; z&nbsp; Piotrkowic, Zab\u0142\u0119dzy, \u0141owczowa i \u0141\u0119kawki.<\/p>\n<p>W tym te\u017c roku zosta\u0142a zaadoptowana sala do nauki w budynku parafialnym.<\/p>\n<p>W kolejnych latach systematycznie spada liczba dzieci, nauka odbywa si\u0119 w klasach \u0142\u0105czonych.<\/p>\n<p>Sytuacja ta doprowadza do obni\u017cenia stopnia organizacyjnego szko\u0142y do poziomu klas I \u2013 IV .<\/p>\n<p>Decyzj\u0105 w\u0142adz wojew\u00f3dzkich, w&nbsp; roku szkolnym&nbsp; 1976 \/ 77 , dzieci z obwodu Szko\u0142y Podstawowej w Piotrkowicach&nbsp; b\u0119d\u0105 ucz\u0119szcza\u0107 do Zbiorczej Szko\u0142y w \u0141owczowie i Zbiorczej Szko\u0142y Gminnej w Tuchowie. Natomiast na miejscu pozostaj\u0105 klasy I \u2013 IV , w tym klasa II i III ucz\u0105 si\u0119 jako klasy \u0142\u0105czone.<\/p>\n<p>IX 1972 roku dyrektor Wojciech \u0141a\u015b przechodzi na emerytur\u0119 a jego obowi\u0105zki przejmuje tutejsza nauczycielka W\u0142adys\u0142awa Karnia.<\/p>\n<p>W latach 1973 \/ 74 szczeg\u00f3lnie zadbano o baz\u0119 sportow\u0105. W\u0142asnymi si\u0142ami wybudowano skoczni\u0119 lekkoatletyczn\u0105 i boisko sportowe.<\/p>\n<p>W roku szkolnym 1981 \/ 82 przywr\u00f3cono 8 \u2013 klasow\u0105 szko\u0142\u0119 podstawow\u0105.<\/p>\n<p>1 IX 1986 roku obowi\u0105zki dyrektora przej\u0119\u0142a&nbsp; d\u0142ugoletnia nauczycielka tej&nbsp;&nbsp;&nbsp; szko\u0142y mgr Stanis\u0142awa Tyrka. Nauka odbywa\u0142a si\u0119 w klasach \u0142\u0105czonych. Od pocz\u0105tku obj\u0119cia kierownictwa czyni\u0142a starania o budow\u0119 nowej szko\u0142y. Wraz z Komitetem Budowy Szko\u0142y zgromadzi\u0142a dokumentacj\u0119 potrzebn\u0105 do wydania decyzji pozwolenia na budow\u0119.<\/p>\n<p>W 1994 roku&nbsp; dyrektorem Szko\u0142y Podstawowej w Piotrkowicach zosta\u0142a mianowana Krystyna Lebryk.<\/p>\n<p>Mala\u0142y szanse na rozpocz\u0119cie budowy nowej szko\u0142y . \u00d3wczesny Zarz\u0105d podj\u0105\u0142 decyzje , po wcze\u015bniejszym zasi\u0119gni\u0119ciu opinii mieszka\u0144c\u00f3w wsi, o zakupieniu budynku GS na cele o\u015bwiatowe. Budynek ten s\u0142u\u017cy\u0142 zaledwie 3 lata, gdy\u017c w 1999 roku rozpocz\u0119to realizowa\u0107 reform\u0119 o\u015bwiatow\u0105, co spowodowa\u0142o obni\u017cenie poziomu organizacyjnego szko\u0142y do klas \u201e0\u201d \u2013 6 . Szko\u0142a zrezygnowa\u0142a z budynku, w rok p\u00f3\u017aniej w\u0142adze gminne u\u017cyczy\u0142y go OSP.<\/p>\n<p>W 2000 roku&nbsp; z&nbsp; pomoc\u0105&nbsp; radnej , nauczycielki Barbary Polek przeprowadzono remont szko\u0142y, zaadoptowano pomieszczenia po mieszkaniu s\u0142u\u017cbowym na sale lekcyjne, zainstalowano ogrzewanie gazowe, wykonano \u0142azienki. Szczeg\u00f3lnie zadbano o rozw\u00f3j bazy sportowej, gdy\u017c szko\u0142a nie posiada sali gimnastycznej. Powsta\u0142y dwa boiska sportowe: asfaltowe \u2013 do pi\u0142ki r\u0119cznej i trawiaste \u2013 do pi\u0142ki no\u017cnej.<\/p>\n<p>Od 1 wrze\u015bnia 2003 roku obowi\u0105zki dyrektora w drodze konkursu przej\u0119\u0142a Barbara Polek.<\/p>\n<p>Obecnie&nbsp; trwa rozbudowa szko\u0142y. W czasie wakacji 2006 roku zmieniono wi\u0119\u017ab\u0119 dachow\u0105&nbsp; .W lipcu 2007 roku&nbsp; rozpocz\u0119to budow\u0119 sali gimnastycznej wraz z zapleczem-\u0142azienki, szatni\u0119.<\/p>\n<p>W roku szkolnym 2007\/08&nbsp; do szko\u0142y ucz\u0119szcza 79 uczni\u00f3w, uczy 10 nauczycieli.<\/p>\n","protected":false},"excerpt":{"rendered":"<p>S\u0105dzi\u0107 nale\u017cy, \u017ce oko\u0142o 1470 roku wraz z parafi\u0105 powsta\u0142a i szko\u0142a w Piotrkowicach. W 1596 roku&nbsp; kierownik szko\u0142y, Urban z Koszyczek, mia\u0142 lichy dom [&hellip;]<\/p>\n","protected":false},"author":1,"featured_media":11706,"parent":0,"menu_order":5,"comment_status":"open","ping_status":"closed","template":"","meta":{"ngg_post_thumbnail":3844,"footnotes":""},"class_list":["post-10","page","type-page","status-publish","has-post-thumbnail","hentry"],"_links":{"self":[{"href":"https:\/\/www.sp-piotrkowice.pl\/index.php?rest_route=\/wp\/v2\/pages\/10","targetHints":{"allow":["GET"]}}],"collection":[{"href":"https:\/\/www.sp-piotrkowice.pl\/index.php?rest_route=\/wp\/v2\/pages"}],"about":[{"href":"https:\/\/www.sp-piotrkowice.pl\/index.php?rest_route=\/wp\/v2\/types\/page"}],"author":[{"embeddable":true,"href":"https:\/\/www.sp-piotrkowice.pl\/index.php?rest_route=\/wp\/v2\/users\/1"}],"replies":[{"embeddable":true,"href":"https:\/\/www.sp-piotrkowice.pl\/index.php?rest_route=%2Fwp%2Fv2%2Fcomments&post=10"}],"version-history":[{"count":2,"href":"https:\/\/www.sp-piotrkowice.pl\/index.php?rest_route=\/wp\/v2\/pages\/10\/revisions"}],"predecessor-version":[{"id":11705,"href":"https:\/\/www.sp-piotrkowice.pl\/index.php?rest_route=\/wp\/v2\/pages\/10\/revisions\/11705"}],"wp:featuredmedia":[{"embeddable":true,"href":"https:\/\/www.sp-piotrkowice.pl\/index.php?rest_route=\/wp\/v2\/media\/11706"}],"wp:attachment":[{"href":"https:\/\/www.sp-piotrkowice.pl\/index.php?rest_route=%2Fwp%2Fv2%2Fmedia&parent=10"}],"curies":[{"name":"wp","href":"https:\/\/api.w.org\/{rel}","templated":true}]}}