{"id":15506,"date":"2021-04-18T14:09:00","date_gmt":"2021-04-18T12:09:00","guid":{"rendered":"https:\/\/www.sp-piotrkowice.pl\/?page_id=15506"},"modified":"2025-03-31T12:01:31","modified_gmt":"2025-03-31T10:01:31","slug":"dostepnosc","status":"publish","type":"page","link":"https:\/\/www.sp-piotrkowice.pl\/?page_id=15506","title":{"rendered":"Dost\u0119pno\u015b\u0107"},"content":{"rendered":"\n<p><span class=\"has-inline-color has-black-color\"><a href=\"https:\/\/www.sp-piotrkowice.pl\/wp-content\/uploads\/2021\/04\/Deklaracja-dost\u0119pno\u015bci-dla-strony-sp-piotrkowice.pl_.docx\">Deklaracja dost\u0119pno\u015bci dla strony sp-piotrkowice.pl<\/a><\/span><\/p>\n\n\n\n<p><a href=\"https:\/\/www.sp-piotrkowice.pl\/wp-content\/uploads\/2025\/03\/raport_o_stanie_zapewniania_dostepnosci.pdf\">Raport o stanie zapewnienia dost\u0119pno\u015bci<\/a><\/p>\n\n\n\n<p><\/p>\n","protected":false},"excerpt":{"rendered":"<p>Deklaracja dost\u0119pno\u015bci dla strony sp-piotrkowice.pl Raport o stanie zapewnienia dost\u0119pno\u015bci<\/p>\n","protected":false},"author":4,"featured_media":0,"parent":0,"menu_order":0,"comment_status":"closed","ping_status":"closed","template":"","meta":{"ngg_post_thumbnail":0,"footnotes":""},"class_list":["post-15506","page","type-page","status-publish","hentry"],"_links":{"self":[{"href":"https:\/\/www.sp-piotrkowice.pl\/index.php?rest_route=\/wp\/v2\/pages\/15506","targetHints":{"allow":["GET"]}}],"collection":[{"href":"https:\/\/www.sp-piotrkowice.pl\/index.php?rest_route=\/wp\/v2\/pages"}],"about":[{"href":"https:\/\/www.sp-piotrkowice.pl\/index.php?rest_route=\/wp\/v2\/types\/page"}],"author":[{"embeddable":true,"href":"https:\/\/www.sp-piotrkowice.pl\/index.php?rest_route=\/wp\/v2\/users\/4"}],"replies":[{"embeddable":true,"href":"https:\/\/www.sp-piotrkowice.pl\/index.php?rest_route=%2Fwp%2Fv2%2Fcomments&post=15506"}],"version-history":[{"count":4,"href":"https:\/\/www.sp-piotrkowice.pl\/index.php?rest_route=\/wp\/v2\/pages\/15506\/revisions"}],"predecessor-version":[{"id":26946,"href":"https:\/\/www.sp-piotrkowice.pl\/index.php?rest_route=\/wp\/v2\/pages\/15506\/revisions\/26946"}],"wp:attachment":[{"href":"https:\/\/www.sp-piotrkowice.pl\/index.php?rest_route=%2Fwp%2Fv2%2Fmedia&parent=15506"}],"curies":[{"name":"wp","href":"https:\/\/api.w.org\/{rel}","templated":true}]}}