{"id":52,"date":"2014-09-23T13:15:08","date_gmt":"2014-09-23T11:15:08","guid":{"rendered":"https:\/\/www.sp-piotrkowice.pl\/?page_id=52"},"modified":"2026-03-20T13:23:53","modified_gmt":"2026-03-20T12:23:53","slug":"dokumenty","status":"publish","type":"page","link":"https:\/\/www.sp-piotrkowice.pl\/?page_id=52","title":{"rendered":"Dokumenty"},"content":{"rendered":"<p>&nbsp;<\/p>\n<ul>\n<li style=\"list-style-type: none;\">\n<ul>\n<li><a href=\"https:\/\/www.sp-piotrkowice.pl\/wp-content\/uploads\/2026\/03\/Statut-SP-Piotrkowice.docx\">Statut Publicznej Szko\u0142y Podstawowej im.ks.Pra\u0142ata W.Giba\u0142y w Piotrkowicach<\/a><\/li>\n<li><a href=\"https:\/\/www.sp-piotrkowice.pl\/wp-content\/uploads\/2026\/03\/Statut-PP-w-Piotrkowicach.docx\">Statut Publicznego Przedszkola &#8222;Polak Ma\u0142y&#8221; w Piotrkowicach<\/a><\/li>\n<li><a href=\"https:\/\/www.sp-piotrkowice.pl\/wp-content\/uploads\/2026\/03\/Statut-ZSP-w-Piotrkowicach.docx\">Statut Zespo\u0142u Szkolno &#8211; Przedszkolnego w Piotrkowicach<\/a><\/li>\n<li><a href=\"https:\/\/www.sp-piotrkowice.pl\/wp-content\/uploads\/2025\/12\/Program-wychowawczo-profilaktyczny-2025_2026.doc\">PROGRAM WYCHOWAWCZO-PROFILAKTYCZNY Szko\u0142y Podstawowej w Piotrkowicach<\/a><\/li>\n<li><a href=\"https:\/\/www.sp-piotrkowice.pl\/wp-content\/uploads\/2024\/03\/Standardy_Ochrony_Maloletnich_ZSP-Piotrkowice.doc\">Standardy Ochrony Ma\u0142oletnich<\/a><\/li>\n<li><a href=\"https:\/\/www.sp-piotrkowice.pl\/wp-content\/uploads\/2018\/05\/SZKO\u0141A-Klauzula-informacyjnaA3.pdf\">RODO-SZKO\u0141A-Klauzula-informacyjnaA3.pdf<\/a><\/li>\n<\/ul>\n<\/li>\n<\/ul>\n\n\n<p><a href=\"https:\/\/www.sp-piotrkowice.pl\/wp-content\/uploads\/2025\/12\/WNIOSEK-przedszkole-POLAK-MALY-4.docx\">WNIOSEK O PRZYJ\u0118CIE DZIECKA DO PRZEDSZKOLA \u201ePOLAK MA\u0141Y\u201d<\/a><\/p>\n\n\n\n<p><a href=\"https:\/\/www.sp-piotrkowice.pl\/wp-content\/uploads\/2025\/12\/WNIOSEK-klasa-I-4.docx\">WNIOSEK O PRZYJ\u0118CIE DZIECKA DO KLASY PIERWSZEJ<\/a><\/p>\n\n\n\n<p><a href=\"https:\/\/www.sp-piotrkowice.pl\/wp-content\/uploads\/2025\/12\/deklaracja-kontynuacji-wychowania-przedszkolnego-2021-2022-1.docx\">DEKLARACJA KONTYNUACJI EDUKACJI PRZEDSZKOLNEJ DZIECKA<\/a> <\/p>\n\n\n\n<p><\/p>\n","protected":false},"excerpt":{"rendered":"<p>&nbsp; Statut Publicznej Szko\u0142y Podstawowej im.ks.Pra\u0142ata W.Giba\u0142y w Piotrkowicach Statut Publicznego Przedszkola &#8222;Polak Ma\u0142y&#8221; w Piotrkowicach Statut Zespo\u0142u Szkolno &#8211; Przedszkolnego w Piotrkowicach PROGRAM WYCHOWAWCZO-PROFILAKTYCZNY [&hellip;]<\/p>\n","protected":false},"author":1,"featured_media":0,"parent":0,"menu_order":10,"comment_status":"open","ping_status":"closed","template":"","meta":{"ngg_post_thumbnail":0,"footnotes":""},"class_list":["post-52","page","type-page","status-publish","hentry"],"_links":{"self":[{"href":"https:\/\/www.sp-piotrkowice.pl\/index.php?rest_route=\/wp\/v2\/pages\/52","targetHints":{"allow":["GET"]}}],"collection":[{"href":"https:\/\/www.sp-piotrkowice.pl\/index.php?rest_route=\/wp\/v2\/pages"}],"about":[{"href":"https:\/\/www.sp-piotrkowice.pl\/index.php?rest_route=\/wp\/v2\/types\/page"}],"author":[{"embeddable":true,"href":"https:\/\/www.sp-piotrkowice.pl\/index.php?rest_route=\/wp\/v2\/users\/1"}],"replies":[{"embeddable":true,"href":"https:\/\/www.sp-piotrkowice.pl\/index.php?rest_route=%2Fwp%2Fv2%2Fcomments&post=52"}],"version-history":[{"count":41,"href":"https:\/\/www.sp-piotrkowice.pl\/index.php?rest_route=\/wp\/v2\/pages\/52\/revisions"}],"predecessor-version":[{"id":30088,"href":"https:\/\/www.sp-piotrkowice.pl\/index.php?rest_route=\/wp\/v2\/pages\/52\/revisions\/30088"}],"wp:attachment":[{"href":"https:\/\/www.sp-piotrkowice.pl\/index.php?rest_route=%2Fwp%2Fv2%2Fmedia&parent=52"}],"curies":[{"name":"wp","href":"https:\/\/api.w.org\/{rel}","templated":true}]}}